{"id":562,"date":"2018-05-23T10:50:30","date_gmt":"2018-05-23T10:50:30","guid":{"rendered":"https:\/\/entrepreneur.fas.is\/?page_id=562"},"modified":"2018-11-01T21:04:30","modified_gmt":"2018-11-01T21:04:30","slug":"swixeli","status":"publish","type":"page","link":"https:\/\/entrepreneur.fas.is\/?page_id=562","title":{"rendered":"Swixeli"},"content":{"rendered":"<p><img loading=\"lazy\" decoding=\"async\" class=\"alignnone size-medium wp-image-761\" src=\"https:\/\/entrepreneur.fas.is\/wp-content\/uploads\/2018\/11\/Swixeli-1-300x169.jpg\" alt=\"\" width=\"300\" height=\"169\" srcset=\"https:\/\/entrepreneur.fas.is\/wp-content\/uploads\/2018\/11\/Swixeli-1-300x169.jpg 300w, https:\/\/entrepreneur.fas.is\/wp-content\/uploads\/2018\/11\/Swixeli-1-768x432.jpg 768w, https:\/\/entrepreneur.fas.is\/wp-content\/uploads\/2018\/11\/Swixeli-1-1024x576.jpg 1024w, https:\/\/entrepreneur.fas.is\/wp-content\/uploads\/2018\/11\/Swixeli-1.jpg 1920w\" sizes=\"auto, (max-width: 300px) 100vw, 300px\" \/><\/p>\n<p>SwixELI is a website providing job offers for youngsters. Our mission is to bring together employers and employees by gathering suitable job offers on our website,\u00a0<a href=\"https:\/\/swixeli.com\/\" target=\"_blank\" rel=\"noopener\">swixeli.com<\/a><\/p>\n<p><strong>The team:<\/strong><\/p>\n<p>Marilise Seppel, Estonia<br \/>\nAnna Ovt\u0161innikova, Estonia<br \/>\nArina Laanemets, Estonia<br \/>\nAnna Sepman, Estonia<br \/>\nKatr\u012bnaMeijere, Latvia<br \/>\nGunda Oja, Latvia<br \/>\nIlva Krasti\u0146a, Latvia<br \/>\nKrist\u012bne Krasti\u0146a, Latvia<br \/>\nS\u00f3ley L\u00f3a Eymundsd\u00f3ttir, Iceland<br \/>\nBjarmi \u00deeyr J\u00f3nsson, Iceland<\/p>\n<p><a href=\"https:\/\/entrepreneur.fas.is\/wp-content\/uploads\/2018\/11\/Swixeli_tabula.pdf\" target=\"_blank\" rel=\"noopener\">Swixeli tabula<\/a><\/p>\n","protected":false},"excerpt":{"rendered":"<p>SwixELI is a website providing job offers for youngsters. Our mission is to bring together employers and employees by gathering suitable job offers on our website,\u00a0swixeli.com The team: Marilise Seppel, Estonia Anna Ovt\u0161innikova, Estonia Arina Laanemets, Estonia Anna Sepman, Estonia Katr\u012bnaMeijere, Latvia Gunda Oja, Latvia Ilva Krasti\u0146a, Latvia Krist\u012bne Krasti\u0146a, Latvia S\u00f3ley L\u00f3a Eymundsd\u00f3ttir, Iceland [&hellip;]<\/p>\n","protected":false},"author":3,"featured_media":0,"parent":550,"menu_order":0,"comment_status":"closed","ping_status":"closed","template":"","meta":{"footnotes":""},"class_list":["post-562","page","type-page","status-publish","hentry","post"],"_links":{"self":[{"href":"https:\/\/entrepreneur.fas.is\/index.php?rest_route=\/wp\/v2\/pages\/562","targetHints":{"allow":["GET"]}}],"collection":[{"href":"https:\/\/entrepreneur.fas.is\/index.php?rest_route=\/wp\/v2\/pages"}],"about":[{"href":"https:\/\/entrepreneur.fas.is\/index.php?rest_route=\/wp\/v2\/types\/page"}],"author":[{"embeddable":true,"href":"https:\/\/entrepreneur.fas.is\/index.php?rest_route=\/wp\/v2\/users\/3"}],"replies":[{"embeddable":true,"href":"https:\/\/entrepreneur.fas.is\/index.php?rest_route=%2Fwp%2Fv2%2Fcomments&post=562"}],"version-history":[{"count":4,"href":"https:\/\/entrepreneur.fas.is\/index.php?rest_route=\/wp\/v2\/pages\/562\/revisions"}],"predecessor-version":[{"id":779,"href":"https:\/\/entrepreneur.fas.is\/index.php?rest_route=\/wp\/v2\/pages\/562\/revisions\/779"}],"up":[{"embeddable":true,"href":"https:\/\/entrepreneur.fas.is\/index.php?rest_route=\/wp\/v2\/pages\/550"}],"wp:attachment":[{"href":"https:\/\/entrepreneur.fas.is\/index.php?rest_route=%2Fwp%2Fv2%2Fmedia&parent=562"}],"curies":[{"name":"wp","href":"https:\/\/api.w.org\/{rel}","templated":true}]}}