{"id":686,"date":"2018-05-24T10:35:55","date_gmt":"2018-05-24T10:35:55","guid":{"rendered":"https:\/\/entrepreneur.fas.is\/?page_id=686"},"modified":"2018-05-24T11:01:47","modified_gmt":"2018-05-24T11:01:47","slug":"memo","status":"publish","type":"page","link":"https:\/\/entrepreneur.fas.is\/?page_id=686","title":{"rendered":"Memo"},"content":{"rendered":"<ol>\n<li><b>\u00a0Webpage<\/b><\/li>\n<\/ol>\n<ul>\n<li style=\"font-weight: 400;\"><span style=\"font-weight: 400;\">Put Roccos video to the front page<\/span><\/li>\n<li style=\"font-weight: 400;\"><span style=\"font-weight: 400;\">Delete the link \u201cabout the project\u201d<\/span><\/li>\n<li style=\"font-weight: 400;\"><span style=\"font-weight: 400;\">Add the link \u201ce-courses. add page with instruction for teacher how to use (see e-course section below)<\/span><\/li>\n<li style=\"font-weight: 400;\"><span style=\"font-weight: 400;\">Add the link \u201cStudent companies. Each company has a page with information about the company and \u00a0its product, Document from Ritma and Inta<\/span><\/li>\n<li style=\"font-weight: 400;\"><span style=\"font-weight: 400;\">add to \u00a0the link \u201cMobilities\u201d Memo,Programme, Videos from local enterprises and photos from the visit <\/span><\/li>\n<\/ul>\n<ol start=\"2\">\n<li><b> Mobility Tool<\/b><\/li>\n<\/ol>\n<ul>\n<li style=\"font-weight: 400;\"><span style=\"font-weight: 400;\">everyone fills Mobility Tool by the end of June<\/span><\/li>\n<li style=\"font-weight: 400;\"><span style=\"font-weight: 400;\">to send publications written by the partner by June 1st (webpage notice- title, date, link; article in the local newspaper- title, date, link etc)<\/span><\/li>\n<li style=\"font-weight: 400;\"><span style=\"font-weight: 400;\">lists of participants- Kersti opens for every Mobility a list, fills up with the information, shares these with the partners hat check the information, signature should be written in blue ink. Estonia sends the lists to Iceland, that sends to Latvia, that sends to Greece, that sends to Italy, that sends again to Estonia. NB lists should be scanned in colour<\/span><\/li>\n<\/ul>\n<ol start=\"3\">\n<li><b> Video\u00a0\u00a0<\/b><span style=\"font-weight: 400;\">names of the students must be updated, Tabasalu Gymnasium- please change Tabasalu \u00dchisg\u00fcmnaasium, Greece &#8211; 2nd EPAL TRIKALON, change name to J\u0101nis K\u013cavi\u0146\u0161 (Latvia, Greclavia), Siki sent to Rocco the correct names of Iceland students<\/span><\/li>\n<\/ol>\n<p>&nbsp;<\/p>\n<ol start=\"4\">\n<li><b> E-course\u00a0<\/b><\/li>\n<\/ol>\n<ul>\n<li style=\"font-weight: 400;\"><span style=\"font-weight: 400;\">each school test its own e-course with a student (or a teacher using student account)<\/span><\/li>\n<li style=\"font-weight: 400;\"><span style=\"font-weight: 400;\">make any needed adjustments using feedback from the student<\/span><\/li>\n<li style=\"font-weight: 400;\"><span style=\"font-weight: 400;\">every country e-course must be tested and ready by 15th June <\/span><\/li>\n<li style=\"font-weight: 400;\"><span style=\"font-weight: 400;\">Phil writes instruction how to use the ecourse akong with links to each course, Siggi will add to webpage<\/span><\/li>\n<\/ul>\n<ol start=\"5\">\n<li><b> Summary of the students\u2019companies<\/b><\/li>\n<\/ol>\n<ul>\n<li style=\"font-weight: 400;\"><span style=\"font-weight: 400;\">check the information about the description of companies till the end of May. Ritma will put it in Google Drive of our STONE platform.It comes up in 15th of May<\/span><\/li>\n<\/ul>\n","protected":false},"excerpt":{"rendered":"<p>\u00a0Webpage Put Roccos video to the front page Delete the link \u201cabout the project\u201d Add the link \u201ce-courses. add page with instruction for teacher how to use (see e-course section below) Add the link \u201cStudent companies. Each company has a page with information about the company and \u00a0its product, Document from Ritma and Inta add [&hellip;]<\/p>\n","protected":false},"author":3,"featured_media":0,"parent":682,"menu_order":0,"comment_status":"closed","ping_status":"closed","template":"","meta":{"footnotes":""},"class_list":["post-686","page","type-page","status-publish","hentry","post"],"_links":{"self":[{"href":"https:\/\/entrepreneur.fas.is\/index.php?rest_route=\/wp\/v2\/pages\/686","targetHints":{"allow":["GET"]}}],"collection":[{"href":"https:\/\/entrepreneur.fas.is\/index.php?rest_route=\/wp\/v2\/pages"}],"about":[{"href":"https:\/\/entrepreneur.fas.is\/index.php?rest_route=\/wp\/v2\/types\/page"}],"author":[{"embeddable":true,"href":"https:\/\/entrepreneur.fas.is\/index.php?rest_route=\/wp\/v2\/users\/3"}],"replies":[{"embeddable":true,"href":"https:\/\/entrepreneur.fas.is\/index.php?rest_route=%2Fwp%2Fv2%2Fcomments&post=686"}],"version-history":[{"count":2,"href":"https:\/\/entrepreneur.fas.is\/index.php?rest_route=\/wp\/v2\/pages\/686\/revisions"}],"predecessor-version":[{"id":701,"href":"https:\/\/entrepreneur.fas.is\/index.php?rest_route=\/wp\/v2\/pages\/686\/revisions\/701"}],"up":[{"embeddable":true,"href":"https:\/\/entrepreneur.fas.is\/index.php?rest_route=\/wp\/v2\/pages\/682"}],"wp:attachment":[{"href":"https:\/\/entrepreneur.fas.is\/index.php?rest_route=%2Fwp%2Fv2%2Fmedia&parent=686"}],"curies":[{"name":"wp","href":"https:\/\/api.w.org\/{rel}","templated":true}]}}